{"id":56100,"date":"2017-11-23T20:52:13","date_gmt":"2017-11-23T19:52:13","guid":{"rendered":"https:\/\/www.reinweiss-hochzeiten.de\/mentions-legales\/"},"modified":"2025-09-06T12:04:25","modified_gmt":"2025-09-06T10:04:25","slug":"mentions-legales","status":"publish","type":"page","link":"https:\/\/www.reinweiss-hochzeiten.de\/fr\/mentions-legales\/","title":{"rendered":"Mentions l\u00e9gales"},"content":{"rendered":"<p>[et_pb_section fb_built=\u00a0\u00bb1&Prime; _builder_version=\u00a0\u00bb4.16&Prime; use_background_color_gradient=\u00a0\u00bbon\u00a0\u00bb background_color_gradient_stops=\u00a0\u00bbrgba(0,0,0,0.63) 0%|rgba(0,0,0,0) 59%\u00a0\u00bb background_color_gradient_overlays_image=\u00a0\u00bbon\u00a0\u00bb background_color_gradient_start=\u00a0\u00bbrgba(0,0,0,0.63)\u00a0\u00bb background_color_gradient_end=\u00a0\u00bbrgba(0,0,0,0)\u00a0\u00bb background_color_gradient_end_position=\u00a0\u00bb59%\u00a0\u00bb background_image=\u00a0\u00bbhttps:\/\/www.reinweiss-hochzeiten.de\/wp-content\/uploads\/2020\/03\/180908_0686-1.jpg\u00a0\u00bb background_position=\u00a0\u00bbbottom_center\u00a0\u00bb global_colors_info=\u00a0\u00bb{}\u00a0\u00bb][et_pb_row _builder_version=\u00a0\u00bb4.16&Prime; global_colors_info=\u00a0\u00bb{}\u00a0\u00bb][et_pb_column type=\u00a0\u00bb4_4&Prime; _builder_version=\u00a0\u00bb4.16&Prime; custom_padding=\u00a0\u00bb|||\u00a0\u00bb global_colors_info=\u00a0\u00bb{}\u00a0\u00bb custom_padding__hover=\u00a0\u00bb|||\u00a0\u00bb][et_pb_text _builder_version=\u00a0\u00bb4.16&Prime; header_text_align=\u00a0\u00bbcenter\u00a0\u00bb header_text_color=\u00a0\u00bb#ffffff\u00a0\u00bb header_font_size=\u00a0\u00bb40px\u00a0\u00bb custom_padding=\u00a0\u00bb50px||||false|false\u00a0\u00bb header_font_size_tablet=\u00a0\u00bb\u00a0\u00bb header_font_size_phone=\u00a0\u00bb32px\u00a0\u00bb header_font_size_last_edited=\u00a0\u00bbon|phone\u00a0\u00bb header_text_shadow_style=\u00a0\u00bbpreset3&Prime; global_colors_info=\u00a0\u00bb{}\u00a0\u00bb]<\/p>\n<h1>Mentions l\u00e9gales<\/h1>\n<p>[\/et_pb_text][\/et_pb_column][\/et_pb_row][\/et_pb_section][et_pb_section fb_built=\u00a0\u00bb1&Prime; _builder_version=\u00a0\u00bb4.16&Prime; global_colors_info=\u00a0\u00bb{}\u00a0\u00bb][et_pb_row column_structure=\u00a0\u00bb1_4,3_4&Prime; _builder_version=\u00a0\u00bb4.16&Prime; background_size=\u00a0\u00bbinitial\u00a0\u00bb background_position=\u00a0\u00bbtop_left\u00a0\u00bb background_repeat=\u00a0\u00bbrepeat\u00a0\u00bb global_colors_info=\u00a0\u00bb{}\u00a0\u00bb][et_pb_column type=\u00a0\u00bb1_4&Prime; _builder_version=\u00a0\u00bb4.16&Prime; custom_padding=\u00a0\u00bb|||\u00a0\u00bb global_colors_info=\u00a0\u00bb{}\u00a0\u00bb custom_padding__hover=\u00a0\u00bb|||\u00a0\u00bb][et_pb_text _builder_version=\u00a0\u00bb4.27.4&Prime; text_font_size=\u00a0\u00bb15px\u00a0\u00bb link_font_size=\u00a0\u00bb15px\u00a0\u00bb z_index=\u00a0\u00bb0&Prime; max_width=\u00a0\u00bb100%\u00a0\u00bb custom_padding=\u00a0\u00bb||\u00a0\u00bb hover_enabled=\u00a0\u00bb0&Prime; global_module=\u00a0\u00bb47228&Prime; saved_tabs=\u00a0\u00bball\u00a0\u00bb global_colors_info=\u00a0\u00bb{}\u00a0\u00bb sticky_enabled=\u00a0\u00bb0&Prime;]<\/p>\n<h3>Angaben gem\u00e4\u00df \u00a7 5 TMG:<\/h3>\n<p>Reinweiss Hochzeiten<br \/>\nInh. Elena Budinstein<br \/>\ne.K. Neue Gr\u00fcnstr. 15, 10179 Berlin<br \/>\ninfo@reinweiss-hochzeiten.de<\/p>\n<h3>Kontakt:<\/h3>\n<p>Tel.: <span>+49 30 228 03 051<\/span><br \/>\nMail: <a href=\"mailto:Mail Adresse verschl\u00fcsselt\">Mail Adresse verschl\u00fcsselt<\/a><\/p>\n<h3>Inhaltlich verantwortlich:<\/h3>\n<p><span>Elena Budinstein<\/span><\/p>\n<p><b>Steuer-Nr.:<\/b><\/p>\n<p><b>Ust-ID-Nr.:<\/b>[\/et_pb_text][\/et_pb_column][et_pb_column type=\u00a0\u00bb3_4&Prime; _builder_version=\u00a0\u00bb4.16&Prime; custom_padding=\u00a0\u00bb|||\u00a0\u00bb global_colors_info=\u00a0\u00bb{}\u00a0\u00bb custom_padding__hover=\u00a0\u00bb|||\u00a0\u00bb][et_pb_text _builder_version=\u00a0\u00bb4.16&Prime; header_2_font=\u00a0\u00bb||||||||\u00a0\u00bb header_2_font_size=\u00a0\u00bb24px\u00a0\u00bb background_size=\u00a0\u00bbinitial\u00a0\u00bb background_position=\u00a0\u00bbtop_left\u00a0\u00bb background_repeat=\u00a0\u00bbrepeat\u00a0\u00bb global_colors_info=\u00a0\u00bb{}\u00a0\u00bb]<\/p>\n<h2 style=\"text-align: justify;\">R\u00e8glement des litiges<\/h2>\n<p style=\"text-align: justify;\">La Commission europ\u00e9enne met \u00e0 disposition une plateforme de r\u00e8glement en ligne des litiges (RLL) <a href=\"https:\/\/ec.europa.eu\/consumers\/odr\">: https:\/\/ec.europa.eu\/consumers\/odr.<\/a><br \/> Vous trouverez notre adresse e-mail en haut des mentions l\u00e9gales.<br \/> Nous ne sommes pas dispos\u00e9s ou oblig\u00e9s de participer \u00e0 des proc\u00e9dures de r\u00e8glement des litiges devant un organisme de conciliation des consommateurs.<\/p>\n<h2 style=\"text-align: justify;\">Responsabilit\u00e9 du contenu<\/h2>\n<p style=\"text-align: justify;\">En tant que prestataire de services, nous sommes responsables, conform\u00e9ment au \u00a7 7 alin\u00e9a 1 de la loi allemande sur les t\u00e9l\u00e9m\u00e9dias (TMG), de nos propres contenus sur ces pages selon les lois g\u00e9n\u00e9rales. Conform\u00e9ment aux \u00a7\u00a7 8 \u00e0 10 de la TMG, nous ne sommes toutefois pas tenus, en tant que prestataire de services, de surveiller les informations externes transmises ou enregistr\u00e9es ou de rechercher les circonstances qui indiquent une activit\u00e9 ill\u00e9gale.  <br \/>  L&rsquo;obligation de supprimer ou de bloquer l&rsquo;utilisation d&rsquo;informations conform\u00e9ment aux lois g\u00e9n\u00e9rales n&rsquo;est pas affect\u00e9e par cette disposition. Une responsabilit\u00e9 \u00e0 cet \u00e9gard n&rsquo;est toutefois possible qu&rsquo;\u00e0 partir du moment o\u00f9 une violation concr\u00e8te de la loi est connue. D\u00e8s la prise de connaissance d&rsquo;une telle violation, nous supprimerons imm\u00e9diatement le contenu en question.  <\/p>\n<h2 style=\"text-align: justify;\">Responsabilit\u00e9 des liens<\/h2>\n<p style=\"text-align: justify;\">Notre offre contient des liens vers des sites Web externes de tiers, sur lesquels nous n&rsquo;avons aucune influence. Nous ne pouvons donc pas nous porter garants de ces contenus externes. Le fournisseur ou l&rsquo;exploitant des pages li\u00e9es est toujours responsable du contenu de ces pages. Les pages li\u00e9es ont \u00e9t\u00e9 v\u00e9rifi\u00e9es au moment de la cr\u00e9ation du lien afin de s&rsquo;assurer qu&rsquo;elles n&rsquo;enfreignaient pas la loi. Aucun contenu ill\u00e9gal n&rsquo;a \u00e9t\u00e9 identifi\u00e9 au moment de la cr\u00e9ation des liens.    <br \/>  Un contr\u00f4le permanent du contenu des pages li\u00e9es n&rsquo;est cependant pas exigible sans indices concrets d&rsquo;une violation de la loi. Si nous prenons connaissance d&rsquo;une violation de la loi, nous supprimerons imm\u00e9diatement les liens concern\u00e9s. <\/p>\n<h2 style=\"text-align: justify;\">Droit d&rsquo;auteur<\/h2>\n<p style=\"text-align: justify;\">Les contenus et \u0153uvres cr\u00e9\u00e9s par les exploitants de ces pages sont soumis au droit d&rsquo;auteur allemand. La reproduction, le traitement, la diffusion et tout type d&rsquo;exploitation en dehors des limites du droit d&rsquo;auteur requi\u00e8rent l&rsquo;accord \u00e9crit de l&rsquo;auteur ou du cr\u00e9ateur concern\u00e9. Les t\u00e9l\u00e9chargements et les copies de ce site ne sont autoris\u00e9s que pour un usage priv\u00e9 et non commercial.  <br \/>  Dans la mesure o\u00f9 les contenus de ce site n&rsquo;ont pas \u00e9t\u00e9 cr\u00e9\u00e9s par l&rsquo;exploitant, les droits d&rsquo;auteur de tiers sont respect\u00e9s. En particulier, les contenus de tiers sont identifi\u00e9s comme tels. Si vous constatez n\u00e9anmoins une violation des droits d&rsquo;auteur, nous vous prions de nous en informer. D\u00e8s que nous aurons connaissance d&rsquo;une violation de la loi, nous supprimerons imm\u00e9diatement le contenu en question.   <\/p>\n<h2 style=\"text-align: justify;\">Sources des images :<\/h2>\n<p style=\"text-align: justify;\">Photo by <a href=\"https:\/\/stock.adobe.com\/ru\/images\/set-watercolor-design-elements-of-roses-collection-garden-navy-blue-flowers-leaves-gold-branches-botanic-illustration-isolated-on-white-background\/266351490\">lisima<\/a> <a href=\"https:\/\/stock.adobe.com\">stock.adobe.com<\/a><\/p>\n<h2 style=\"text-align: justify;\">Conception et r\u00e9alisation :<\/h2>\n<p style=\"text-align: justify;\"><a target=\"_blank\" href=\"https:\/\/www.netfame.de\" rel=\"noopener noreferrer\">www.netfame.de<\/a><\/p>\n<p>[\/et_pb_text][\/et_pb_column][\/et_pb_row][\/et_pb_section]<\/p>\n","protected":false},"excerpt":{"rendered":"<p>Mentions l\u00e9galesAngaben gem\u00e4\u00df \u00a7 5 TMG: Reinweiss Hochzeiten Inh. Elena Budinstein e.K. Neue Gr\u00fcnstr. 15, 10179 Berlin info@reinweiss-hochzeiten.de Kontakt: Tel.: +49 30 228 03 051 Mail: Mail Adresse verschl\u00fcsselt Inhaltlich verantwortlich: Elena Budinstein Steuer-Nr.: Ust-ID-Nr.:R\u00e8glement des litiges La Commission europ\u00e9enne met \u00e0 disposition une plateforme de r\u00e8glement en ligne des litiges (RLL) : https:\/\/ec.europa.eu\/consumers\/odr. Vous [&hellip;]<\/p>\n","protected":false},"author":79,"featured_media":0,"parent":0,"menu_order":0,"comment_status":"closed","ping_status":"closed","template":"","meta":{"_et_pb_use_builder":"on","_et_pb_old_content":"","_et_gb_content_width":"","footnotes":""},"class_list":["post-56100","page","type-page","status-publish","hentry"],"yoast_head":"<!-- This site is optimized with the Yoast SEO Premium plugin v27.0 (Yoast SEO v27.0) - https:\/\/yoast.com\/product\/yoast-seo-premium-wordpress\/ -->\n<title>Reinweiss Hochzeiten pour un \u00e9v\u00e9nement inoubliable %%page% - Reinweiss Hochzeiten<\/title>\n<meta name=\"description\" content=\"Mentions l\u00e9gales de l&#039;agence de mariage - Reinweiss Hochzeiten, propri\u00e9taire Elena Budinstein, Neue Gr\u00fcnstr. 15, 10179 Berlin \u260e 030 22803051\" \/>\n<meta name=\"robots\" content=\"index, follow, max-snippet:-1, max-image-preview:large, max-video-preview:-1\" \/>\n<link rel=\"canonical\" href=\"https:\/\/www.reinweiss-hochzeiten.de\/fr\/mentions-legales\/\" \/>\n<meta property=\"og:locale\" content=\"fr_FR\" \/>\n<meta property=\"og:type\" content=\"article\" \/>\n<meta property=\"og:title\" content=\"Mentions l\u00e9gales\" \/>\n<meta property=\"og:description\" content=\"Mentions l\u00e9gales de l&#039;agence de mariage - Reinweiss Hochzeiten, propri\u00e9taire Elena Budinstein, Neue Gr\u00fcnstr. 15, 10179 Berlin \u260e 030 22803051\" \/>\n<meta property=\"og:url\" content=\"https:\/\/www.reinweiss-hochzeiten.de\/fr\/mentions-legales\/\" \/>\n<meta property=\"og:site_name\" content=\"Reinweiss Hochzeiten\" \/>\n<meta property=\"article:modified_time\" content=\"2025-09-06T10:04:25+00:00\" \/>\n<meta property=\"og:image\" content=\"https:\/\/www.reinweiss-hochzeiten.de\/wp-content\/uploads\/2024\/12\/WhatsApp-Image-2024-12-12-at-12.02.59.jpeg\" \/>\n\t<meta property=\"og:image:width\" content=\"1280\" \/>\n\t<meta property=\"og:image:height\" content=\"851\" \/>\n\t<meta property=\"og:image:type\" content=\"image\/jpeg\" \/>\n<meta name=\"twitter:card\" content=\"summary_large_image\" \/>\n<meta name=\"twitter:label1\" content=\"Dur\u00e9e de lecture estim\u00e9e\" \/>\n\t<meta name=\"twitter:data1\" content=\"4 minutes\" \/>\n<script type=\"application\/ld+json\" class=\"yoast-schema-graph\">{\"@context\":\"https:\/\/schema.org\",\"@graph\":[{\"@type\":\"WebPage\",\"@id\":\"https:\/\/www.reinweiss-hochzeiten.de\/fr\/mentions-legales\/\",\"url\":\"https:\/\/www.reinweiss-hochzeiten.de\/fr\/mentions-legales\/\",\"name\":\"Reinweiss Hochzeiten pour un \u00e9v\u00e9nement inoubliable %%page% - Reinweiss Hochzeiten\",\"isPartOf\":{\"@id\":\"https:\/\/www.reinweiss-hochzeiten.de\/fr\/#website\"},\"datePublished\":\"2017-11-23T19:52:13+00:00\",\"dateModified\":\"2025-09-06T10:04:25+00:00\",\"description\":\"Mentions l\u00e9gales de l'agence de mariage - Reinweiss Hochzeiten, propri\u00e9taire Elena Budinstein, Neue Gr\u00fcnstr. 15, 10179 Berlin \u260e 030 22803051\",\"breadcrumb\":{\"@id\":\"https:\/\/www.reinweiss-hochzeiten.de\/fr\/mentions-legales\/#breadcrumb\"},\"inLanguage\":\"fr-FR\",\"potentialAction\":[{\"@type\":\"ReadAction\",\"target\":[\"https:\/\/www.reinweiss-hochzeiten.de\/fr\/mentions-legales\/\"]}]},{\"@type\":\"BreadcrumbList\",\"@id\":\"https:\/\/www.reinweiss-hochzeiten.de\/fr\/mentions-legales\/#breadcrumb\",\"itemListElement\":[{\"@type\":\"ListItem\",\"position\":1,\"name\":\"Startseite\",\"item\":\"https:\/\/www.reinweiss-hochzeiten.de\/fr\/\"},{\"@type\":\"ListItem\",\"position\":2,\"name\":\"Mentions l\u00e9gales\"}]},{\"@type\":\"WebSite\",\"@id\":\"https:\/\/www.reinweiss-hochzeiten.de\/fr\/#website\",\"url\":\"https:\/\/www.reinweiss-hochzeiten.de\/fr\/\",\"name\":\"Reinweiss Hochzeiten\",\"description\":\"Hochzeitsplaner Berlin\",\"publisher\":{\"@id\":\"https:\/\/www.reinweiss-hochzeiten.de\/fr\/#organization\"},\"alternateName\":\"Reinweiss Events\",\"potentialAction\":[{\"@type\":\"SearchAction\",\"target\":{\"@type\":\"EntryPoint\",\"urlTemplate\":\"https:\/\/www.reinweiss-hochzeiten.de\/fr\/?s={search_term_string}\"},\"query-input\":{\"@type\":\"PropertyValueSpecification\",\"valueRequired\":true,\"valueName\":\"search_term_string\"}}],\"inLanguage\":\"fr-FR\"},{\"@type\":\"Organization\",\"@id\":\"https:\/\/www.reinweiss-hochzeiten.de\/fr\/#organization\",\"name\":\"Reinweiss Hochzeiten\",\"alternateName\":\"Reinweiss Events\",\"url\":\"https:\/\/www.reinweiss-hochzeiten.de\/fr\/\",\"logo\":{\"@type\":\"ImageObject\",\"inLanguage\":\"fr-FR\",\"@id\":\"https:\/\/www.reinweiss-hochzeiten.de\/fr\/#\/schema\/logo\/image\/\",\"url\":\"https:\/\/www.reinweiss-hochzeiten.de\/wp-content\/uploads\/2019\/10\/REINWEISS-LOGO.png\",\"contentUrl\":\"https:\/\/www.reinweiss-hochzeiten.de\/wp-content\/uploads\/2019\/10\/REINWEISS-LOGO.png\",\"width\":591,\"height\":154,\"caption\":\"Reinweiss Hochzeiten\"},\"image\":{\"@id\":\"https:\/\/www.reinweiss-hochzeiten.de\/fr\/#\/schema\/logo\/image\/\"}}]}<\/script>\n<!-- \/ Yoast SEO Premium plugin. -->","yoast_head_json":{"title":"Reinweiss Hochzeiten pour un \u00e9v\u00e9nement inoubliable %%page% - Reinweiss Hochzeiten","description":"Mentions l\u00e9gales de l'agence de mariage - Reinweiss Hochzeiten, propri\u00e9taire Elena Budinstein, Neue Gr\u00fcnstr. 15, 10179 Berlin \u260e 030 22803051","robots":{"index":"index","follow":"follow","max-snippet":"max-snippet:-1","max-image-preview":"max-image-preview:large","max-video-preview":"max-video-preview:-1"},"canonical":"https:\/\/www.reinweiss-hochzeiten.de\/fr\/mentions-legales\/","og_locale":"fr_FR","og_type":"article","og_title":"Mentions l\u00e9gales","og_description":"Mentions l\u00e9gales de l'agence de mariage - Reinweiss Hochzeiten, propri\u00e9taire Elena Budinstein, Neue Gr\u00fcnstr. 15, 10179 Berlin \u260e 030 22803051","og_url":"https:\/\/www.reinweiss-hochzeiten.de\/fr\/mentions-legales\/","og_site_name":"Reinweiss Hochzeiten","article_modified_time":"2025-09-06T10:04:25+00:00","og_image":[{"width":1280,"height":851,"url":"https:\/\/www.reinweiss-hochzeiten.de\/wp-content\/uploads\/2024\/12\/WhatsApp-Image-2024-12-12-at-12.02.59.jpeg","type":"image\/jpeg"}],"twitter_card":"summary_large_image","twitter_misc":{"Dur\u00e9e de lecture estim\u00e9e":"4 minutes"},"schema":{"@context":"https:\/\/schema.org","@graph":[{"@type":"WebPage","@id":"https:\/\/www.reinweiss-hochzeiten.de\/fr\/mentions-legales\/","url":"https:\/\/www.reinweiss-hochzeiten.de\/fr\/mentions-legales\/","name":"Reinweiss Hochzeiten pour un \u00e9v\u00e9nement inoubliable %%page% - Reinweiss Hochzeiten","isPartOf":{"@id":"https:\/\/www.reinweiss-hochzeiten.de\/fr\/#website"},"datePublished":"2017-11-23T19:52:13+00:00","dateModified":"2025-09-06T10:04:25+00:00","description":"Mentions l\u00e9gales de l'agence de mariage - Reinweiss Hochzeiten, propri\u00e9taire Elena Budinstein, Neue Gr\u00fcnstr. 15, 10179 Berlin \u260e 030 22803051","breadcrumb":{"@id":"https:\/\/www.reinweiss-hochzeiten.de\/fr\/mentions-legales\/#breadcrumb"},"inLanguage":"fr-FR","potentialAction":[{"@type":"ReadAction","target":["https:\/\/www.reinweiss-hochzeiten.de\/fr\/mentions-legales\/"]}]},{"@type":"BreadcrumbList","@id":"https:\/\/www.reinweiss-hochzeiten.de\/fr\/mentions-legales\/#breadcrumb","itemListElement":[{"@type":"ListItem","position":1,"name":"Startseite","item":"https:\/\/www.reinweiss-hochzeiten.de\/fr\/"},{"@type":"ListItem","position":2,"name":"Mentions l\u00e9gales"}]},{"@type":"WebSite","@id":"https:\/\/www.reinweiss-hochzeiten.de\/fr\/#website","url":"https:\/\/www.reinweiss-hochzeiten.de\/fr\/","name":"Reinweiss Hochzeiten","description":"Hochzeitsplaner Berlin","publisher":{"@id":"https:\/\/www.reinweiss-hochzeiten.de\/fr\/#organization"},"alternateName":"Reinweiss Events","potentialAction":[{"@type":"SearchAction","target":{"@type":"EntryPoint","urlTemplate":"https:\/\/www.reinweiss-hochzeiten.de\/fr\/?s={search_term_string}"},"query-input":{"@type":"PropertyValueSpecification","valueRequired":true,"valueName":"search_term_string"}}],"inLanguage":"fr-FR"},{"@type":"Organization","@id":"https:\/\/www.reinweiss-hochzeiten.de\/fr\/#organization","name":"Reinweiss Hochzeiten","alternateName":"Reinweiss Events","url":"https:\/\/www.reinweiss-hochzeiten.de\/fr\/","logo":{"@type":"ImageObject","inLanguage":"fr-FR","@id":"https:\/\/www.reinweiss-hochzeiten.de\/fr\/#\/schema\/logo\/image\/","url":"https:\/\/www.reinweiss-hochzeiten.de\/wp-content\/uploads\/2019\/10\/REINWEISS-LOGO.png","contentUrl":"https:\/\/www.reinweiss-hochzeiten.de\/wp-content\/uploads\/2019\/10\/REINWEISS-LOGO.png","width":591,"height":154,"caption":"Reinweiss Hochzeiten"},"image":{"@id":"https:\/\/www.reinweiss-hochzeiten.de\/fr\/#\/schema\/logo\/image\/"}}]}},"_links":{"self":[{"href":"https:\/\/www.reinweiss-hochzeiten.de\/fr\/wp-json\/wp\/v2\/pages\/56100","targetHints":{"allow":["GET"]}}],"collection":[{"href":"https:\/\/www.reinweiss-hochzeiten.de\/fr\/wp-json\/wp\/v2\/pages"}],"about":[{"href":"https:\/\/www.reinweiss-hochzeiten.de\/fr\/wp-json\/wp\/v2\/types\/page"}],"author":[{"embeddable":true,"href":"https:\/\/www.reinweiss-hochzeiten.de\/fr\/wp-json\/wp\/v2\/users\/79"}],"replies":[{"embeddable":true,"href":"https:\/\/www.reinweiss-hochzeiten.de\/fr\/wp-json\/wp\/v2\/comments?post=56100"}],"version-history":[{"count":9,"href":"https:\/\/www.reinweiss-hochzeiten.de\/fr\/wp-json\/wp\/v2\/pages\/56100\/revisions"}],"predecessor-version":[{"id":58324,"href":"https:\/\/www.reinweiss-hochzeiten.de\/fr\/wp-json\/wp\/v2\/pages\/56100\/revisions\/58324"}],"wp:attachment":[{"href":"https:\/\/www.reinweiss-hochzeiten.de\/fr\/wp-json\/wp\/v2\/media?parent=56100"}],"curies":[{"name":"wp","href":"https:\/\/api.w.org\/{rel}","templated":true}]}}